{"id":1009,"date":"2019-08-31T11:03:38","date_gmt":"2019-08-31T09:03:38","guid":{"rendered":"https:\/\/www.steuerberater-volland.de\/wordpress\/?page_id=1009"},"modified":"2019-08-31T11:03:38","modified_gmt":"2019-08-31T09:03:38","slug":"kontakt-impressum","status":"publish","type":"page","link":"https:\/\/www.steuerberater-volland.de\/wordpress\/kontakt-impressum","title":{"rendered":"Kontakt\/Impressum"},"content":{"rendered":"\n<p><img loading=\"lazy\" decoding=\"async\" class=\"alignright wp-image-112 size-full\" src=\"wp-content\/uploads\/2015\/02\/schachfigur.jpg\" alt=\"Steuerberater Volland in Erfurt\" width=\"211\" height=\"295\"><strong>Anschrift:<\/strong><\/p>\n<p><strong><span style=\"color: #ff0000;\">Claudia Volland<\/span><\/strong><br>\n<strong> <span style=\"color: #ff0000;\"> Steuerberatung<\/span><\/strong><br>\n<strong> Bahnhofstra\u00dfe 6<\/strong><br>\n<strong> 99084 Erfurt<\/strong><br>\n<strong> Telefon: 49 (0361) 657 31 99<\/strong><br>\n<strong> Telefax: 49 (0361) 262 89 351<\/strong><br>\n<strong> Email: <span style=\"color: #ff0000;\">anfrage(at)steuerberater-volland(Punkt)de<\/span><\/strong><\/p>\n<p><strong>Termine nach telefonischer Vereinbarung<\/strong><\/p>\n<p>&nbsp;<\/p>\n<p><strong>Die gesetzliche Berufsbezeichnung Steuerberater wurde<\/strong><br>\n<strong> Frau Claudia Volland in der Bundesrepublik Deutschland &#8211; Land Th\u00fcringen verliehen.<\/strong><\/p>\n<p><strong>BERUFSRECHTLICHE REGELUNGEN (Auswahl)<\/strong><\/p>\n<p><strong>Steuerberatungsgesetz (StBerG)<\/strong><\/p>\n<p><strong>Durchf\u00fchrungsverordnung zum Steuerberatungsgesetz (DVStB)<\/strong><\/p>\n<p><strong>Berufsordnung (BOStB)<\/strong><\/p>\n<p><strong>Steuerberaterverg\u00fctungsverordnung (StBVV)<\/strong><\/p>\n<p><strong>Diese Regelungen finden Sie unter <a href=\"http:\/\/www.bstbk.de\/\">www.bstbk.de<\/a>.<\/strong><\/p>\n<p><strong>Umsatzsteueridentifikationsnummer: DE 813878172<\/strong><br>\n<strong> Finanzamt: Erfurt<\/strong><\/p>\n<p><strong>ERKL\u00c4RUNG ZU DEN INHALTEN DIESER WEBSEITE<\/strong><\/p>\n<p><strong>Die Benutzung dieser Ver\u00f6ffentlichung zum Zwecke entgeltlichen gewerbem\u00e4\u00dfigen Gebrauches ist unzul\u00e4ssig. Druck, auch die Benutzung von Ausschnitten zu gewerblichen Zwecken, ist untersagt und wird wegen des Versto\u00dfes gegen das Wettbewerbsgesetz bzw. wegen Verletzung des Urheberrechts geahndet.<\/strong><br>\n<strong> Alle Rechte vom Publizisten vorbehalten!<\/strong><\/p>\n<p><strong>HAFTUNGSFREISTELLUNG F\u00dcR FREMDE INHALTE<\/strong><br>\n<strong> LINKS AUF FREMDEN SEITEN<\/strong><\/p>\n<p><strong>Mit Urteil vom 12. Mai 1998 hat das Landgericht Hamburg entschieden, da\u00df man durch die Anbringung eines Links die Inhalte der gelinkten Seite ggf. mit zu verantworten hat. Dies kann &#8211; so das LG &#8211; nur dadurch verhindert werden, da\u00df man sich ausdr\u00fccklich von diesen Inhalten distanziert. Ich habe auf diesen Seiten Links zu anderen Seiten im Internet gelegt. F\u00fcr alle diese Links gilt: Ich m\u00f6chte ausdr\u00fccklich betonen, da\u00df ich keinerlei Einflu\u00df auf die Gestaltung und die Inhalte der gelinkten Seiten habe. Deshalb distanziere ich mich hiermit ausdr\u00fccklich von allen Inhalten der gelinkten Seiten auf dieser Seite und mache mir ihre Inhalte nicht zu eigen. Diese Erkl\u00e4rung gilt f\u00fcr alle auf der Seite angebrachten Links.<\/strong><\/p>\n<p><strong>Bildnachweis<\/strong><\/p>\n<p><strong>Portraits auf den Seiten dieser Webpr\u00e4senz: Foto-Atelier Merrbach<br>\nandere Bilder: Microsoft ClipArts<\/strong><\/p>\n","protected":false},"excerpt":{"rendered":"<p>Anschrift: Claudia Volland Steuerberatung Bahnhofstra\u00dfe 6 99084 Erfurt Telefon: 49 (0361) 657 31 99 Telefax: 49 (0361) 262 89 351 Email: anfrage(at)steuerberater-volland(Punkt)de Termine nach telefonischer Vereinbarung &nbsp; Die gesetzliche Berufsbezeichnung Steuerberater wurde Frau Claudia Volland in der Bundesrepublik Deutschland &#8211; Land Th\u00fcringen verliehen. BERUFSRECHTLICHE REGELUNGEN (Auswahl) Steuerberatungsgesetz (StBerG) Durchf\u00fchrungsverordnung zum Steuerberatungsgesetz (DVStB) Berufsordnung (BOStB) Steuerberaterverg\u00fctungsverordnung &hellip; <a href=\"https:\/\/www.steuerberater-volland.de\/wordpress\/kontakt-impressum\" class=\"more-link\"><span class=\"screen-reader-text\">Kontakt\/Impressum<\/span> weiterlesen <span class=\"meta-nav\">&rarr;<\/span><\/a><\/p>\n","protected":false},"author":1,"featured_media":0,"parent":0,"menu_order":0,"comment_status":"closed","ping_status":"closed","template":"","meta":{"footnotes":""},"class_list":["post-1009","page","type-page","status-publish","hentry"],"_links":{"self":[{"href":"https:\/\/www.steuerberater-volland.de\/wordpress\/wp-json\/wp\/v2\/pages\/1009","targetHints":{"allow":["GET"]}}],"collection":[{"href":"https:\/\/www.steuerberater-volland.de\/wordpress\/wp-json\/wp\/v2\/pages"}],"about":[{"href":"https:\/\/www.steuerberater-volland.de\/wordpress\/wp-json\/wp\/v2\/types\/page"}],"author":[{"embeddable":true,"href":"https:\/\/www.steuerberater-volland.de\/wordpress\/wp-json\/wp\/v2\/users\/1"}],"replies":[{"embeddable":true,"href":"https:\/\/www.steuerberater-volland.de\/wordpress\/wp-json\/wp\/v2\/comments?post=1009"}],"version-history":[{"count":3,"href":"https:\/\/www.steuerberater-volland.de\/wordpress\/wp-json\/wp\/v2\/pages\/1009\/revisions"}],"predecessor-version":[{"id":1012,"href":"https:\/\/www.steuerberater-volland.de\/wordpress\/wp-json\/wp\/v2\/pages\/1009\/revisions\/1012"}],"wp:attachment":[{"href":"https:\/\/www.steuerberater-volland.de\/wordpress\/wp-json\/wp\/v2\/media?parent=1009"}],"curies":[{"name":"wp","href":"https:\/\/api.w.org\/{rel}","templated":true}]}}