{"id":386,"date":"2016-04-28T15:25:55","date_gmt":"2016-04-28T13:25:55","guid":{"rendered":"http:\/\/www.steuerberater-volland.de\/wordpress\/?page_id=386"},"modified":"2022-08-31T10:05:17","modified_gmt":"2022-08-31T08:05:17","slug":"unser-team-2","status":"publish","type":"page","link":"https:\/\/www.steuerberater-volland.de\/wordpress\/unser-team-2","title":{"rendered":"Unser Team"},"content":{"rendered":"<p><img loading=\"lazy\" decoding=\"async\" class=\"aligncenter wp-image-1038 size-full\" src=\"https:\/\/www.steuerberater-volland.de\/wordpress\/wp-content\/uploads\/2022\/08\/team-aussen-2022.jpg\" alt=\"\" width=\"475\" height=\"263\"><\/p>\n<hr>\n<p><strong>CLAUDIA VOLLAND<\/strong><\/p>\n<figure id=\"attachment_1001\" aria-describedby=\"caption-attachment-1001\" style=\"width: 200px\" class=\"wp-caption alignright\"><img loading=\"lazy\" decoding=\"async\" class=\"wp-image-1001\" src=\"https:\/\/www.steuerberater-volland.de\/wordpress\/wp-content\/uploads\/2021\/09\/team-claudia-200.jpg\" alt=\" Claudia Volland, Steuerberater in Erfurt\/Th\u00fcringen\" width=\"200\" height=\"200\"><figcaption id=\"caption-attachment-1001\" class=\"wp-caption-text\">Claudia Volland, Steuerberater in Erfurt\/Th\u00fcringen (Foto-Atelier Merrbach)<\/figcaption><\/figure>\n<p><strong>-1971 in Erfurt geboren<\/strong><br \/>\n<strong> -1990 Abitur<\/strong><br \/>\n<strong> -1990-1995 Studium der Betriebswirtschaftslehre an der Friedrich-Schiller-Universit\u00e4t Jena<\/strong><br \/>\n<strong> -1995 Diplom-Kaufmann<\/strong><br \/>\n<strong> -1996-1997 Revisionsassistentin bei einer \u00fcberregional t\u00e4tigen<\/strong><br \/>\n<strong> Wirtschaftpr\u00fcfungsgesellschaft in M\u00fcnchen und Chemnitz<\/strong><br \/>\n<strong> -1997-2001 Steuerassistentin in einer gro\u00dfen<\/strong><br \/>\n<strong> Wirtschaftspr\u00fcfungsgesellschaft in Erfurt<\/strong><br \/>\n<strong> -2001 Bestellung zum Steuerberater<\/strong><br \/>\n<strong> -2001-2004 Steuerberaterin bei einer gro\u00dfen<\/strong><br \/>\n<strong> Wirtschaftpr\u00fcfungsgesellschaft<\/strong><br \/>\n<strong> -ab 2004 freiberufliche Steuerberatung<\/strong><\/p>\n<hr>\n<p><strong>MONIKA S.<\/strong><\/p>\n<figure id=\"attachment_1004\" aria-describedby=\"caption-attachment-1004\" style=\"width: 200px\" class=\"wp-caption alignright\"><img loading=\"lazy\" decoding=\"async\" class=\"wp-image-1004\" src=\"https:\/\/www.steuerberater-volland.de\/wordpress\/wp-content\/uploads\/2021\/09\/team-monika-200-1.jpg\" alt=\"Monika S., Steuerberater Volland in Erfurt\" width=\"200\" height=\"200\"><figcaption id=\"caption-attachment-1004\" class=\"wp-caption-text\">Monika S., Steuerberater Volland in Erfurt\/Th\u00fcringen (Foto-Atelier Merrbach)<\/figcaption><\/figure>\n<p><strong>-1953 geboren<br \/>\n-1970 mittlere Reife<br \/>\n-1970-1972 Ausbildung zum Industriekaufmann<br \/>\n-1972-1975 Studium Ingenieur\u00f6konomie<br \/>\n-1974-1990 t\u00e4tig als Leiterin Rechnungsf\u00fchrung, Finanzbuchhalterin, stellvertretende Hauptbuchhalterin<br \/>\n-1990-1991 t\u00e4tig als Hauptbuchhalterin<br \/>\n-1991-1996 t\u00e4tig als Sachbearbeiterin in der Steuerberatung<br \/>\n-1994-1995 Ausbildung zur Steuerfachgehilfin<br \/>\n-1996-2017 t\u00e4tig als Steuerfachangestellte<br \/>\n-seit 2019 t\u00e4tig bei Claudia Volland Steuerberatung<br \/>\n-Spezialisierung:<br \/>\nJahresabschl\u00fcsse<br \/>\nFinanzbuchhaltungen <\/strong><\/p>\n<hr>\n<p><strong>DANIEL S.<\/strong><\/p>\n<figure id=\"attachment_1005\" aria-describedby=\"caption-attachment-1005\" style=\"width: 200px\" class=\"wp-caption alignright\"><img loading=\"lazy\" decoding=\"async\" class=\"wp-image-1004\" src=\"https:\/\/www.steuerberater-volland.de\/wordpress\/wp-content\/uploads\/2021\/09\/team-daniel-200.jpg\" alt=\"Daniel S., Steuerberater Volland in Erfurt\" width=\"200\" height=\"200\"><figcaption id=\"caption-attachment-1005\" class=\"wp-caption-text\">Daniel S., Steuerberater Volland in Erfurt\/Th\u00fcringen<\/figcaption><\/figure>\n<p><strong>-1990 geboren<br \/>\n-2008 Wirtschaftsabitur<br \/>\n-2008-2012 Studium Betriebswirtschaftslehre \/ Business Administration an der Fachhochschule Nordhausen<br \/>\n-2013 Bachelor of Arts<br \/>\n-2013-2021 Sachbearbeiter in der Steuerberatung<br \/>\n-seit 2021 bei Claudia Volland Steuerberatung<br \/>\n-Spezialisierung: Steuererkl\u00e4rungen \/ Gewinnermittlungen \/ Lohnabrechnungen<br \/>\n<\/strong><\/p>\n<hr>\n<p><strong>WIR BILDEN AUS.<\/strong><\/p>\n<div id='gallery-1' class='gallery galleryid-386 gallery-columns-3 gallery-size-full'><figure class='gallery-item'>\n\t\t\t<div class='gallery-icon landscape'>\n\t\t\t\t<a href='https:\/\/www.steuerberater-volland.de\/wordpress\/scale'><img loading=\"lazy\" decoding=\"async\" width=\"200\" height=\"124\" src=\"https:\/\/www.steuerberater-volland.de\/wordpress\/wp-content\/uploads\/2016\/06\/scale.jpg\" class=\"attachment-full size-full\" alt=\"\" \/><\/a>\n\t\t\t<\/div><\/figure><figure class='gallery-item'>\n\t\t\t<div class='gallery-icon landscape'>\n\t\t\t\t<a href='https:\/\/www.steuerberater-volland.de\/wordpress\/photo'><img loading=\"lazy\" decoding=\"async\" width=\"269\" height=\"89\" src=\"https:\/\/www.steuerberater-volland.de\/wordpress\/wp-content\/uploads\/2016\/06\/photo.png\" class=\"attachment-full size-full\" alt=\"\" \/><\/a>\n\t\t\t<\/div><\/figure>\n\t\t<\/div>\n\n<p><strong><a href=\"http:\/\/www.steuerdeinekarriere.de\" target=\"_blank\" rel=\"noopener noreferrer\">STEUERBERATER BILDEN AUS!!<\/a><\/strong><\/p>\n<p><strong><a href=\"http:\/\/www.mehr-als-du-denkst.de\" target=\"_blank\" rel=\"noopener noreferrer\">Steuerfachangestellte\/r Mehr als du denkst.<\/a><\/strong><\/p>\n","protected":false},"excerpt":{"rendered":"<p>CLAUDIA VOLLAND -1971 in Erfurt geboren -1990 Abitur -1990-1995 Studium der Betriebswirtschaftslehre an der Friedrich-Schiller-Universit\u00e4t Jena -1995 Diplom-Kaufmann -1996-1997 Revisionsassistentin bei einer \u00fcberregional t\u00e4tigen Wirtschaftpr\u00fcfungsgesellschaft in M\u00fcnchen und Chemnitz -1997-2001 Steuerassistentin in einer gro\u00dfen Wirtschaftspr\u00fcfungsgesellschaft in Erfurt -2001 Bestellung zum Steuerberater -2001-2004 Steuerberaterin bei einer gro\u00dfen Wirtschaftpr\u00fcfungsgesellschaft -ab 2004 freiberufliche Steuerberatung MONIKA S. -1953 geboren &hellip; <a href=\"https:\/\/www.steuerberater-volland.de\/wordpress\/unser-team-2\" class=\"more-link\"><span class=\"screen-reader-text\">Unser Team<\/span> weiterlesen <span class=\"meta-nav\">&rarr;<\/span><\/a><\/p>\n","protected":false},"author":1,"featured_media":0,"parent":0,"menu_order":5,"comment_status":"closed","ping_status":"closed","template":"","meta":{"footnotes":""},"class_list":["post-386","page","type-page","status-publish","hentry"],"_links":{"self":[{"href":"https:\/\/www.steuerberater-volland.de\/wordpress\/wp-json\/wp\/v2\/pages\/386","targetHints":{"allow":["GET"]}}],"collection":[{"href":"https:\/\/www.steuerberater-volland.de\/wordpress\/wp-json\/wp\/v2\/pages"}],"about":[{"href":"https:\/\/www.steuerberater-volland.de\/wordpress\/wp-json\/wp\/v2\/types\/page"}],"author":[{"embeddable":true,"href":"https:\/\/www.steuerberater-volland.de\/wordpress\/wp-json\/wp\/v2\/users\/1"}],"replies":[{"embeddable":true,"href":"https:\/\/www.steuerberater-volland.de\/wordpress\/wp-json\/wp\/v2\/comments?post=386"}],"version-history":[{"count":131,"href":"https:\/\/www.steuerberater-volland.de\/wordpress\/wp-json\/wp\/v2\/pages\/386\/revisions"}],"predecessor-version":[{"id":1218,"href":"https:\/\/www.steuerberater-volland.de\/wordpress\/wp-json\/wp\/v2\/pages\/386\/revisions\/1218"}],"wp:attachment":[{"href":"https:\/\/www.steuerberater-volland.de\/wordpress\/wp-json\/wp\/v2\/media?parent=386"}],"curies":[{"name":"wp","href":"https:\/\/api.w.org\/{rel}","templated":true}]}}