{"id":56,"date":"2015-02-16T09:08:09","date_gmt":"2015-02-16T08:08:09","guid":{"rendered":"https:\/\/www.steuerberater-volland.de\/wordpress\/?page_id=56"},"modified":"2021-09-25T09:37:06","modified_gmt":"2021-09-25T07:37:06","slug":"claudia-volland-steuerberatung","status":"publish","type":"page","link":"https:\/\/www.steuerberater-volland.de\/wordpress\/","title":{"rendered":"Willkommen"},"content":{"rendered":"<h1><\/h1>\n<div id='gallery-1' class='gallery galleryid-56 gallery-columns-3 gallery-size-full'><figure class='gallery-item'>\n\t\t\t<div class='gallery-icon landscape'>\n\t\t\t\t<img loading=\"lazy\" decoding=\"async\" width=\"200\" height=\"133\" src=\"https:\/\/www.steuerberater-volland.de\/wordpress\/wp-content\/uploads\/2015\/02\/197-e1535973576579.jpg\" class=\"attachment-full size-full\" alt=\"Steuerrichtlinien Steuerberaterin Claudia Volland in Erfurt\" \/>\n\t\t\t<\/div><\/figure><figure class='gallery-item'>\n\t\t\t<div class='gallery-icon landscape'>\n\t\t\t\t<img loading=\"lazy\" decoding=\"async\" width=\"200\" height=\"200\" src=\"https:\/\/www.steuerberater-volland.de\/wordpress\/wp-content\/uploads\/2021\/09\/willkommen-claudia-200.jpg\" class=\"attachment-full size-full\" alt=\"\" srcset=\"https:\/\/www.steuerberater-volland.de\/wordpress\/wp-content\/uploads\/2021\/09\/willkommen-claudia-200.jpg 200w, https:\/\/www.steuerberater-volland.de\/wordpress\/wp-content\/uploads\/2021\/09\/willkommen-claudia-200-150x150.jpg 150w\" sizes=\"auto, (max-width: 200px) 100vw, 200px\" \/>\n\t\t\t<\/div><\/figure><figure class='gallery-item'>\n\t\t\t<div class='gallery-icon landscape'>\n\t\t\t\t<img loading=\"lazy\" decoding=\"async\" width=\"200\" height=\"133\" src=\"https:\/\/www.steuerberater-volland.de\/wordpress\/wp-content\/uploads\/2015\/02\/175-e1535973609808.jpg\" class=\"attachment-full size-full\" alt=\"Steuerformulare Steuerberater Claudia Volland in Erfurt\" \/>\n\t\t\t<\/div><\/figure>\n\t\t<\/div>\n\n<h4 style=\"text-align: center;\"><strong>Herzlich willkommen auf der Internetseite<br \/>\nder Steuerkanzlei Volland!<\/strong><br \/>\n<strong>Steuerberater mit Steuerb\u00fcro in der Altstadt<br \/>\nvon Erfurt \/ Th\u00fcringen.<\/strong><\/h4>\n<p style=\"text-align: center;\"><strong>Nach unserer Philosophie leisten wir<\/strong><br \/>\n<strong> unseren Mandanten<\/strong><br \/>\n<strong> <span style=\"color: #ff0000;\">kompetent,<br \/>\npers\u00f6nlich \u00a0und<br \/>\nzeitnah<\/span><\/strong><br \/>\n<strong> unbeschr\u00e4nkte Hilfe bei Steuererkl\u00e4rungen und<\/strong><br \/>\n<strong> generell in Steuersachen.<\/strong><br \/>\n<strong> Sie erhalten von uns neben dem endg\u00fcltigen Produkt ein laufendes Feedback, um Verbesserungschancen f\u00fcr die Zukunft zu erkennen und steuerliche Risiken fr\u00fchzeitig aufdecken zu k\u00f6nnen.<\/strong><br \/>\n<strong> Unsere T\u00e4tigkeit richtet sich nach den berufsrechtlichen<\/strong><br \/>\n<strong> Vorschriften des Steuerberatungsgesetzes. Wir rechnen<\/strong><br \/>\n<strong> entsprechend der Steuerberatergeb\u00fchrenverordnung<\/strong><br \/>\n<strong> nach den so genannten<\/strong><br \/>\n<strong> &#8222;Gegenstandswerten\u201c ab. Das hei\u00dft, die H\u00f6he unseres Honorars ist abh\u00e4ngig von Gr\u00f6\u00dfe und Einkommen unserer Mandanten.<\/strong><\/p>\n<p style=\"text-align: center;\"><strong>Danke f\u00fcr Ihren Besuch auf der Kanzlei-Webseite<\/strong><br \/>\n<strong> von Steuerberater Claudia Volland,<\/strong><br \/>\n<strong> Th\u00fcringer Steuerberatung in Erfurt.<\/strong><\/p>\n<h6 style=\"text-align: center;\"><span style=\"color: #00ff00;\"><a style=\"color: #00ff00;\" href=\"https:\/\/www.facebook.com\/pages\/Erfurter-Steuerberater-Claudia-Volland\/377334119091179\" target=\"_blank\" rel=\"noopener noreferrer\"><img loading=\"lazy\" decoding=\"async\" class=\"alignnone wp-image-212 size-full\" src=\"wp-content\/uploads\/2015\/02\/Facebook-32px.gif\" alt=\"Facebook 32px\" width=\"32\" height=\"32\" \/><\/a> <a href=\"https:\/\/plus.google.com\/109912599228171602112\/about\" target=\"_blank\" rel=\"noopener noreferrer\"><img loading=\"lazy\" decoding=\"async\" class=\"alignnone wp-image-213 size-full\" src=\"wp-content\/uploads\/2015\/02\/Google-32px.gif\" alt=\"Google+ 32px\" width=\"32\" height=\"32\" \/><\/a> <a href=\"https:\/\/www.linkedin.com\/\" target=\"_blank\" rel=\"noopener noreferrer\"><img loading=\"lazy\" decoding=\"async\" class=\"alignnone wp-image-214 size-full\" src=\"wp-content\/uploads\/2015\/02\/LinkedIn-32px.gif\" alt=\"LinkedIn 32px\" width=\"32\" height=\"32\" \/><\/a> <a href=\"https:\/\/www.xing.com\/profile\/Claudia_Volland4\" target=\"_blank\" rel=\"noopener noreferrer\"><img loading=\"lazy\" decoding=\"async\" class=\"alignnone wp-image-215 size-full\" src=\"wp-content\/uploads\/2015\/02\/XING-32px.gif\" alt=\"XING 32px\" width=\"32\" height=\"32\" \/><\/a><\/span><br \/>\nBesuchen Sie uns bei Facebook &amp; Co.!<\/h6>\n<p style=\"text-align: center;\">Nur der verdient sich Freiheit wie das Leben,<br \/>\nder t\u00e4glich sie erringen muss!<br \/>\nJ. W.\u00a0 von Goethe<\/p>\n","protected":false},"excerpt":{"rendered":"<p>Herzlich willkommen auf der Internetseite der Steuerkanzlei Volland! Steuerberater mit Steuerb\u00fcro in der Altstadt von Erfurt \/ Th\u00fcringen. Nach unserer Philosophie leisten wir unseren Mandanten kompetent, pers\u00f6nlich \u00a0und zeitnah unbeschr\u00e4nkte Hilfe bei Steuererkl\u00e4rungen und generell in Steuersachen. Sie erhalten von uns neben dem endg\u00fcltigen Produkt ein laufendes Feedback, um Verbesserungschancen f\u00fcr die Zukunft zu erkennen &hellip; <a href=\"https:\/\/www.steuerberater-volland.de\/wordpress\/\" class=\"more-link\"><span class=\"screen-reader-text\">Willkommen<\/span> weiterlesen <span class=\"meta-nav\">&rarr;<\/span><\/a><\/p>\n","protected":false},"author":1,"featured_media":0,"parent":0,"menu_order":0,"comment_status":"closed","ping_status":"closed","template":"","meta":{"footnotes":""},"class_list":["post-56","page","type-page","status-publish","hentry"],"_links":{"self":[{"href":"https:\/\/www.steuerberater-volland.de\/wordpress\/wp-json\/wp\/v2\/pages\/56","targetHints":{"allow":["GET"]}}],"collection":[{"href":"https:\/\/www.steuerberater-volland.de\/wordpress\/wp-json\/wp\/v2\/pages"}],"about":[{"href":"https:\/\/www.steuerberater-volland.de\/wordpress\/wp-json\/wp\/v2\/types\/page"}],"author":[{"embeddable":true,"href":"https:\/\/www.steuerberater-volland.de\/wordpress\/wp-json\/wp\/v2\/users\/1"}],"replies":[{"embeddable":true,"href":"https:\/\/www.steuerberater-volland.de\/wordpress\/wp-json\/wp\/v2\/comments?post=56"}],"version-history":[{"count":142,"href":"https:\/\/www.steuerberater-volland.de\/wordpress\/wp-json\/wp\/v2\/pages\/56\/revisions"}],"predecessor-version":[{"id":1210,"href":"https:\/\/www.steuerberater-volland.de\/wordpress\/wp-json\/wp\/v2\/pages\/56\/revisions\/1210"}],"wp:attachment":[{"href":"https:\/\/www.steuerberater-volland.de\/wordpress\/wp-json\/wp\/v2\/media?parent=56"}],"curies":[{"name":"wp","href":"https:\/\/api.w.org\/{rel}","templated":true}]}}