{"id":59,"date":"2015-02-16T09:18:58","date_gmt":"2015-02-16T08:18:58","guid":{"rendered":"http:\/\/www.steuerberater-volland.de\/wordpress\/?page_id=59"},"modified":"2018-08-22T10:13:50","modified_gmt":"2018-08-22T08:13:50","slug":"leistungsspektrum-1","status":"publish","type":"page","link":"https:\/\/www.steuerberater-volland.de\/wordpress\/leistungsspektrum-1","title":{"rendered":"Leistungsspektrum"},"content":{"rendered":"<p><img loading=\"lazy\" decoding=\"async\" class=\"alignright wp-image-113 size-full\" src=\"wp-content\/uploads\/2015\/02\/MPj042223600001_small.jpg\" alt=\"Steuerberaterin Claudia Volland in Erfurt Signiervorgang\" width=\"250\" height=\"166\" \/><\/p>\n<p><strong>RECHNUNGSWESEN \/ JAHRESABSCHLUSS<\/strong><\/p>\n<ul>\n<li><strong>Finanzbuchhaltung \/ Lohnbuchhaltung<\/strong><\/li>\n<li><strong>Bilanzpolitische Beratung<\/strong><\/li>\n<li><strong>Jahresabschlusserstellung<\/strong><\/li>\n<li><strong>Anlagenbuchhaltung<\/strong><\/li>\n<\/ul>\n<p><strong>VERTRETUNG vor FINANZBEH\u00d6RDEN\/laufende BERATUNG<\/strong><\/p>\n<ul>\n<li><strong>Rechtsbehelfsverfahren<\/strong><\/li>\n<li><strong>Begleitung bei Betriebspr\u00fcfungen<\/strong><br \/>\n<strong> und sonstigen Au\u00dfenpr\u00fcfungen (z.B. Lohnsteuer-\/ Umsatzsteuersonderpr\u00fcfungen)<\/strong><\/li>\n<li><strong>Antragsverfahren (Steuererlass, -stundung, Anpassung von Vorauszahlungen)<\/strong><\/li>\n<li><strong>Recherchen zu speziellen steuerlichen Sachverhalten<\/strong><\/li>\n<\/ul>\n<p><strong>STEUERERKL\u00c4RUNGEN\/STEUERBESCHEIDPR\u00dcFUNG<\/strong><\/p>\n<ul>\n<li><strong>Kapitalgesellschaften<\/strong><\/li>\n<li><strong>Personengesellschaften<\/strong><\/li>\n<li><strong>Einzelunternehmen<\/strong><\/li>\n<li><strong>Privatpersonen<\/strong><\/li>\n<\/ul>\n<p><strong>STEUERLICHE GESTALTUNGSBERATUNG<\/strong><\/p>\n<ul>\n<li style=\"list-style-type: none;\">\n<ul>\n<li><strong>Steuerplanung<\/strong><\/li>\n<li><strong>Rechtsformwahl<\/strong><\/li>\n<li><strong>Gr\u00fcndung und Umwandlung von Unternehmen<\/strong><\/li>\n<li><strong>Steuerbeg\u00fcnstigungen und Investitionshilfen<\/strong><\/li>\n<li><strong>Steuerliche Gestaltung von Vertr\u00e4gen<\/strong><\/li>\n<li><strong>Altersvorsorgeberatung (in Kooperation mit Kirchhoff &amp; Runge Finanzdienstleistungs GbR &#8211; www.kirchhoff-runge(dot)de)<\/strong><\/li>\n<\/ul>\n<\/li>\n<\/ul>\n","protected":false},"excerpt":{"rendered":"<p>RECHNUNGSWESEN \/ JAHRESABSCHLUSS Finanzbuchhaltung \/ Lohnbuchhaltung Bilanzpolitische Beratung Jahresabschlusserstellung Anlagenbuchhaltung VERTRETUNG vor FINANZBEH\u00d6RDEN\/laufende BERATUNG Rechtsbehelfsverfahren Begleitung bei Betriebspr\u00fcfungen und sonstigen Au\u00dfenpr\u00fcfungen (z.B. Lohnsteuer-\/ Umsatzsteuersonderpr\u00fcfungen) Antragsverfahren (Steuererlass, -stundung, Anpassung von Vorauszahlungen) Recherchen zu speziellen steuerlichen Sachverhalten STEUERERKL\u00c4RUNGEN\/STEUERBESCHEIDPR\u00dcFUNG Kapitalgesellschaften Personengesellschaften Einzelunternehmen Privatpersonen STEUERLICHE GESTALTUNGSBERATUNG Steuerplanung Rechtsformwahl Gr\u00fcndung und Umwandlung von Unternehmen Steuerbeg\u00fcnstigungen und Investitionshilfen Steuerliche Gestaltung von &hellip; <a href=\"https:\/\/www.steuerberater-volland.de\/wordpress\/leistungsspektrum-1\" class=\"more-link\"><span class=\"screen-reader-text\">Leistungsspektrum<\/span> weiterlesen <span class=\"meta-nav\">&rarr;<\/span><\/a><\/p>\n","protected":false},"author":1,"featured_media":0,"parent":0,"menu_order":2,"comment_status":"closed","ping_status":"closed","template":"","meta":{"footnotes":""},"class_list":["post-59","page","type-page","status-publish","hentry"],"_links":{"self":[{"href":"https:\/\/www.steuerberater-volland.de\/wordpress\/wp-json\/wp\/v2\/pages\/59","targetHints":{"allow":["GET"]}}],"collection":[{"href":"https:\/\/www.steuerberater-volland.de\/wordpress\/wp-json\/wp\/v2\/pages"}],"about":[{"href":"https:\/\/www.steuerberater-volland.de\/wordpress\/wp-json\/wp\/v2\/types\/page"}],"author":[{"embeddable":true,"href":"https:\/\/www.steuerberater-volland.de\/wordpress\/wp-json\/wp\/v2\/users\/1"}],"replies":[{"embeddable":true,"href":"https:\/\/www.steuerberater-volland.de\/wordpress\/wp-json\/wp\/v2\/comments?post=59"}],"version-history":[{"count":17,"href":"https:\/\/www.steuerberater-volland.de\/wordpress\/wp-json\/wp\/v2\/pages\/59\/revisions"}],"predecessor-version":[{"id":1087,"href":"https:\/\/www.steuerberater-volland.de\/wordpress\/wp-json\/wp\/v2\/pages\/59\/revisions\/1087"}],"wp:attachment":[{"href":"https:\/\/www.steuerberater-volland.de\/wordpress\/wp-json\/wp\/v2\/media?parent=59"}],"curies":[{"name":"wp","href":"https:\/\/api.w.org\/{rel}","templated":true}]}}