{"id":826,"date":"2018-05-25T08:25:15","date_gmt":"2018-05-25T06:25:15","guid":{"rendered":"http:\/\/www.steuerberater-volland.de\/wordpress\/?page_id=826"},"modified":"2018-05-25T09:34:03","modified_gmt":"2018-05-25T07:34:03","slug":"datenschutz","status":"publish","type":"page","link":"https:\/\/www.steuerberater-volland.de\/wordpress\/datenschutz","title":{"rendered":"Datenschutz"},"content":{"rendered":"<p><span style=\"font-family: Arial, sans-serif;\"><b>1. Name und Kontaktdaten des Verantwortlichen<\/b><\/span><\/p>\n<p><span style=\"font-family: Arial, sans-serif;\">Diese Datenschutzerkl\u00e4rung informiert \u00fcber die Verarbeitung personenbezogener Daten auf der Kanzleiwebseite von:<\/span><\/p>\n<p><span style=\"font-family: Arial, sans-serif;\">Verantwortlicher: Claudia Volland Steuerberatung, Bahnhofstra\u00dfe 6, 99084 Erfurt, anfrage(at)steuerberater-volland(Punkt)de, Tel.: 0361 6573199, Fax: 0361 2628935<\/span><\/p>\n<p align=\"JUSTIFY\"><span style=\"font-family: Arial, sans-serif;\"><b>2. Umfang und Zweck der Verarbeitung personenbezogener Daten<\/b><\/span><\/p>\n<p align=\"JUSTIFY\"><span style=\"font-family: Arial, sans-serif;\"><b>2.1 Aufruf der Webseite<\/b><\/span><\/p>\n<p align=\"JUSTIFY\"><span style=\"font-family: Arial, sans-serif;\">Beim Aufruf dieser Webseite <a href=\"http:\/\/www.steuerberater-volland.de\/wordpress\/\">http:\/\/www.steuerberater-volland.de<\/a> werden durch den Internet-Browser, den der Besucher verwendet, automatisch Daten an den Server dieser Webseite gesendet und zeitlich begrenzt in einer Protokolldatei (Logfile) gespeichert. Bis zur automatihen L\u00f6schung werden nachstehende Daten ohne weitere Eingabe des Besuchers gespeichert:<\/span><\/p>\n<ul>\n<li>\n<p align=\"JUSTIFY\"><span style=\"font-family: Arial, sans-serif;\">IP-Adresse des Endger\u00e4ts des Besuchers,<\/span><\/p>\n<\/li>\n<li>\n<p align=\"JUSTIFY\"><span style=\"font-family: Arial, sans-serif;\">Datum und Uhrzeit des Zugriffs durch den Besucher,<\/span><\/p>\n<\/li>\n<li>\n<p align=\"JUSTIFY\"><span style=\"font-family: Arial, sans-serif;\">Name und URL der vom Besucher aufgerufenen Seite,<\/span><\/p>\n<\/li>\n<li>\n<p align=\"JUSTIFY\"><span style=\"font-family: Arial, sans-serif;\">Webseite, von der aus der Besucher auf die Kanzleiwebseite gelangt (sog. Referrer-URL),<\/span><\/p>\n<\/li>\n<li>\n<p align=\"JUSTIFY\"><span style=\"font-family: Arial, sans-serif;\">Browser und Betriebssystem des Endger\u00e4ts des Besuchers sowie der Name des vom Besucher verwendeten Access-Providers.<\/span><\/p>\n<\/li>\n<\/ul>\n<p align=\"JUSTIFY\"><span style=\"font-family: Arial, sans-serif;\">Die Verarbeitung dieser personenbezogenen Daten ist gem. Art. 6 Abs. 1 Satz 1 Buchst. f) DSGVO gerechtfertigt. Die Kanzlei hat ein berechtigtes Interesse an der Datenverarbeitung zu dem Zweck,<\/span><\/p>\n<ul>\n<li>\n<p align=\"JUSTIFY\"><span style=\"font-family: Arial, sans-serif;\">die Verbindung zur Webseite der Kanzlei z\u00fcgig aufzubauen,<\/span><\/p>\n<\/li>\n<li>\n<p align=\"JUSTIFY\"><span style=\"font-family: Arial, sans-serif;\">eine nutzerfreundliche Anwendung der Webseite zu erm\u00f6glichen,<\/span><\/p>\n<\/li>\n<li>\n<p align=\"JUSTIFY\"><span style=\"font-family: Arial, sans-serif;\">die Sicherheit und Stabilit\u00e4t der Systeme zu erkennen und zu gew\u00e4hrleisten und<\/span><\/p>\n<\/li>\n<li>\n<p align=\"JUSTIFY\"><span style=\"font-family: Arial, sans-serif;\">die Administration der Webseite zu erleichtern und zu verbessern.<\/span><\/p>\n<\/li>\n<\/ul>\n<p align=\"JUSTIFY\"><span style=\"font-family: Arial, sans-serif;\">Die Verarbeitung erfolgt ausdr\u00fccklich nicht zu dem Zweck, Erkenntnisse \u00fcber die Person des Besuchers der Webseite zu gewinnen.<\/span><\/p>\n<p align=\"JUSTIFY\"><span style=\"font-family: Arial, sans-serif;\"><b>3. Weitergabe von Daten<\/b><\/span><\/p>\n<p align=\"JUSTIFY\"><span style=\"font-family: Arial, sans-serif;\">Personenbezogene Daten werden an Dritte \u00fcbermittelt, wenn<\/span><\/p>\n<ul>\n<li>\n<p align=\"JUSTIFY\"><span style=\"font-family: Arial, sans-serif;\">nach Art. 6 Abs. 1 Satz 1 Buchst. a) DSGVO durch die betroffene Person ausdr\u00fccklich dazu eingewilligt wurde,<\/span><\/p>\n<\/li>\n<li>\n<p align=\"JUSTIFY\"><span style=\"font-family: Arial, sans-serif;\">die Weitergabe nach Art. 6 Abs. 1 Satz 1 Buchst. f) DSGVO zur Geltendmachung, Aus\u00fcbung oder Verteidigung von Rechtsanspr\u00fcchen erforderlich ist und kein Grund zur Annahme besteht, dass die betroffene Person ein \u00fcberwiegendes schutzw\u00fcrdiges Interesse an der Nichtweitergabe ihrer Daten hat,<\/span><\/p>\n<\/li>\n<li>\n<p align=\"JUSTIFY\"><span style=\"font-family: Arial, sans-serif;\">f\u00fcr die Daten\u00fcbermittlung nach Art. 6 Abs. 1 Satz 1 Buchst. c) DSGVO eine gesetzliche Verpflichtung besteht, und\/oder<\/span><\/p>\n<\/li>\n<li>\n<p align=\"JUSTIFY\"><span style=\"font-family: Arial, sans-serif;\">dies nach Art. 6 Abs. 1 Satz 1 Buchst. b) DSGVO f\u00fcr die Erf\u00fcllung eines Vertragsverh\u00e4ltnisses mit der betroffenen Person erforderlich ist.<\/span><\/p>\n<\/li>\n<\/ul>\n<p align=\"JUSTIFY\"><span style=\"font-family: Arial, sans-serif;\">In anderen F\u00e4llen werden personenbezogene Daten nicht an Dritte weitergegeben.<\/span><\/p>\n<p align=\"JUSTIFY\"><span style=\"font-family: Arial, sans-serif;\"><b>4. Cookies<\/b><\/span><\/p>\n<p align=\"JUSTIFY\"><span style=\"font-family: Arial, sans-serif;\">Auf der Webseite werden sog. Cookies eingesetzt. Das sind Datenpakete, die zwischen dem Server der Kanzleiwebseite und dem Browser des Besuchers ausgetauscht werden. Diese werden beim Besuch der Webseite von den jeweils verwendeten Ger\u00e4ten (PC, Notebook, Tablet, Smartphone etc.) gespeichert. Cookies k\u00f6nnen insoweit keine Sch\u00e4den auf den verwendeten Ger\u00e4ten anrichten. Insbesondere enthalten sie keine Viren oder sonstige Schadsoftware. In den Cookies werden Informationen abgelegt, die sich jeweils im Zusammenhang mit dem spezifisch eingesetzten Endger\u00e4t ergeben. Die Kanzlei kann damit keinesfalls unmittelbar Kenntnis von der Identit\u00e4t des Besuchers der Webseite erhalten.<\/span><\/p>\n<p align=\"JUSTIFY\"><span style=\"font-family: Arial, sans-serif;\">Cookies werden nach den Grundeinstellungen der Browser gr\u00f6\u00dftenteils akzeptiert. Die Browsereinstellungen k\u00f6nnen so eingerichtet werden, dass Cookies entweder auf den verwendeten Ger\u00e4ten nicht akzeptiert werden, oder dass jeweils ein besonderer Hinweis erfolgt, bevor ein neuer Cookie angelegt wird. Es wird allerdings darauf hingewiesen, dass die Deaktivierung von Cookies dazu f\u00fchren kann, dass nicht alle Funktionen der Webseite bestm\u00f6glich genutzt werden k\u00f6nnen.<\/span><\/p>\n<p align=\"JUSTIFY\"><span style=\"font-family: Arial, sans-serif;\">Der Einsatz von Cookies dient dazu, die Nutzung des Webangebots der Kanzlei komfortabler zu gestalten. So kann beispielsweise anhand von Session-Cookies nachvollzogen werden, ob der Besucher einzelne Seiten der Webseite bereits besucht hat. Nach Verlassen der Webseite werden diese Session-Cookies automatisch gel\u00f6scht.<\/span><\/p>\n<p align=\"JUSTIFY\"><span style=\"font-family: Arial, sans-serif;\">Zur Verbesserung der Benutzerfreundlichkeit werden tempor\u00e4re Cookies eingesetzt. Sie werden f\u00fcr einen vor\u00fcbergehenden Zeitraum auf dem Ger\u00e4t des Besuchers gespeichert. Bei erneutem Besuch der Webseite wird automatisch erkannt, dass der Besucher die Seite bereits zu einem fr\u00fcheren Zeitpunkt aufgerufen hat und welche Eingaben und Einstellungen dabei vorgenommen wurden, um diese nicht wiederholen zu m\u00fcssen.<\/span><\/p>\n<p align=\"JUSTIFY\"><span style=\"font-family: Arial, sans-serif;\">Der Einsatz von Cookies erfolgt au\u00dferdem, um die Aufrufe der Webseite zu statistischen Zwecken und zum Zwecke der Verbesserung des Angebotes zu analysieren. Diese Cookies erm\u00f6glichen es, bei einem erneuten Besuch automatisch zu erkennen, dass die Webseite bereits zuvor vom Besucher aufgerufen wurde. Hier erfolgt nach einer jeweils festgelegten Zeit eine automatische L\u00f6schung der Cookies.<\/span><\/p>\n<p align=\"JUSTIFY\"><span style=\"font-family: Arial, sans-serif;\">Die durch Cookies verarbeiteten Daten sind f\u00fcr die o. g. Zwecke zur Wahrung der berechtigten Interessen der Kanzlei nach Art. 6 Abs. 1 Satz\u00a01 Buchst. f) DSGVO gerechtfertigt.<\/span><\/p>\n<p><span style=\"font-family: Arial, sans-serif;\"><b>5. Analyse-Dienste f\u00fcr Webseiten, Tracking<\/b><\/span><\/p>\n<p align=\"JUSTIFY\"><span style=\"font-family: Arial, sans-serif;\">Wir nutzen auf unserer Webseite den Webseiten-Analysedienst f\u00fcr Webseiten von <\/span>Google Analytics.<\/p>\n<p align=\"JUSTIFY\"><span style=\"font-family: Arial, sans-serif;\">Rechtsgrundlage f\u00fcr die Verwendung der Analyse-Tools ist Art. 6 Abs. 1 Satz 1 Buchst. f) DSGVO. Die Webseitenanalyse liegt im berechtigten Interesse unserer Kanzlei und dient der statistischen Erfassung der Seitennutzung zur fortlaufenden Verbesserung unserer Kanzleiwebseite und des Angebots unserer Dienstleistungen.<\/span><\/p>\n<p align=\"JUSTIFY\"><span style=\"font-family: Arial, sans-serif;\"><b>6. Plugins sozialer Netzwerke (Social Plugins)<\/b><\/span><\/p>\n<p align=\"JUSTIFY\"><span style=\"font-family: Arial, sans-serif;\">Auf unserer Kanzleiwebseite sind Plugins der nachstehenden sozialen Netzwerke eingebunden: Facebook, Google+, LinkedIn, Xing.<\/span><\/p>\n<p align=\"JUSTIFY\"><span style=\"font-family: Arial, sans-serif;\">Rechtsgrundlage f\u00fcr den Einsatz von Social Plugins ist Art. 6 Abs. 1 Satz 1 Buchst. f) DSGVO. Ein berechtigtes Interesse unserer Kanzlei und Zweck des Einsatzes von Plugins sozialer Netzwerke ist es, unser Angebot einem breiten Publikum gegen\u00fcber bekanntzumachen. Die sozialen Netzwerke sind f\u00fcr den datenschutzkonformen Umgang mit den Daten ihrer Nutzer<\/span> <span style=\"font-family: Arial, sans-serif;\">verantwortlich. <\/span><\/p>\n<p align=\"JUSTIFY\"><span style=\"font-family: Arial, sans-serif;\"><b>7. Ihre Rechte als betroffene Person<\/b><\/span><\/p>\n<p align=\"JUSTIFY\"><span style=\"font-family: Arial, sans-serif;\">Soweit Ihre personenbezogenen Daten anl\u00e4sslich des Besuchs unserer Webseite verarbeitet werden, stehen Ihnen als \u201ebetroffene Person\u201c im Sinne der DSGVO folgende Rechte zu:<\/span><\/p>\n<p align=\"JUSTIFY\"><span style=\"font-family: Arial, sans-serif;\"><b>7.1 Auskunft<\/b><\/span><\/p>\n<p align=\"JUSTIFY\"><span style=\"font-family: Arial, sans-serif;\">Sie k\u00f6nnen von uns Auskunft dar\u00fcber verlangen, ob personenbezogene Daten von Ihnen bei uns verarbeitet werden. Kein Auskunftsrecht besteht, wenn die Erteilung der begehrten Informationen gegen die Verschwiegenheitspflicht gem. \u00a7 57 StBerG versto\u00dfen w\u00fcrde oder die Informationen aus sonstigen Gr\u00fcnden, insbesondere wegen eines \u00fcberwiegenden berechtigten Interesses eines Dritten, geheim gehalten werden m\u00fcssen. Hiervon abweichend kann eine Pflicht zur Erteilung der Auskunft bestehen, wenn insbesondere unter Ber\u00fccksichtigung drohender Sch\u00e4den Ihre Interessen gegen\u00fcber dem Geheimhaltungsinteresse \u00fcberwiegen. Das Auskunftsrecht ist ferner ausgeschlossen, wenn die Daten nur deshalb gespeichert sind, weil sie aufgrund gesetzlicher oder satzungsm\u00e4\u00dfiger Aufbewahrungsfristen nicht gel\u00f6scht werden d\u00fcrfen oder ausschlie\u00dflich Zwecken der Datensicherung oder der Datenschutzkontrolle dienen, sofern die Auskunftserteilung einen unverh\u00e4ltnism\u00e4\u00dfig hohen Aufwand erfordern w\u00fcrde und die Verarbeitung zu anderen Zwecken durch geeignete technische und organisatorische Ma\u00dfnahmen ausgeschlossen ist. Sofern in Ihrem Fall das Auskunftsrecht nicht ausgeschlossen ist und Ihre personenbezogenen Daten von uns verarbeitet werden, k\u00f6nnen Sie von uns Auskunft \u00fcber folgende Informationen verlangen:<\/span><\/p>\n<ul>\n<li>\n<p align=\"JUSTIFY\"><span style=\"font-family: Arial, sans-serif;\">Zwecke der Verarbeitung,<\/span><\/p>\n<\/li>\n<li>\n<p align=\"JUSTIFY\"><span style=\"font-family: Arial, sans-serif;\">Kategorien der von Ihnen verarbeiteten personenbezogenen Daten,<\/span><\/p>\n<\/li>\n<li>\n<p align=\"JUSTIFY\"><span style=\"font-family: Arial, sans-serif;\">Empf\u00e4nger oder Kategorien von Empf\u00e4ngern, gegen\u00fcber denen Ihre personenbezogenen Daten offen gelegt werden, insbesondere bei Empf\u00e4ngern in Drittl\u00e4ndern,<\/span><\/p>\n<\/li>\n<li>\n<p align=\"JUSTIFY\"><span style=\"font-family: Arial, sans-serif;\">falls m\u00f6glich die geplante Dauer, f\u00fcr die Ihre personenbezogenen Daten gespeichert werden oder, falls dies nicht m\u00f6glich ist, die Kriterien f\u00fcr die Festlegung der Speicherdauer,<\/span><\/p>\n<\/li>\n<li>\n<p align=\"JUSTIFY\"><span style=\"font-family: Arial, sans-serif;\">das Bestehen eines Rechts auf Berichtigung oder L\u00f6schung oder Einschr\u00e4nkung der Verarbeitung der Sie betreffenden personenbezogenen Daten oder eines Widerspruchsrechts gegen diese Verarbeitung,<\/span><\/p>\n<\/li>\n<li>\n<p align=\"JUSTIFY\"><span style=\"font-family: Arial, sans-serif;\">das Bestehen eines Beschwerderechts bei einer Aufsichtsbeh\u00f6rde f\u00fcr den Datenschutz,<\/span><\/p>\n<\/li>\n<li>\n<p align=\"JUSTIFY\"><span style=\"font-family: Arial, sans-serif;\">sofern die personenbezogenen Daten nicht bei Ihnen als betroffene Person erhoben worden sind, die verf\u00fcgbaren Informationen \u00fcber die Datenherkunft,<\/span><\/p>\n<\/li>\n<li>\n<p align=\"JUSTIFY\"><span style=\"font-family: Arial, sans-serif;\">ggf. das Bestehen einer automatisierten Entscheidungsfindung einschlie\u00dflich Profiling und aussagekr\u00e4ftige Informationen \u00fcber die involvierte Logik sowie die Tragweite und angestrebten Auswirkungen automatisierter Entscheidungsfindungen,<\/span><\/p>\n<\/li>\n<li>\n<p align=\"JUSTIFY\"><span style=\"font-family: Arial, sans-serif;\">ggf. im Fall der \u00dcbermittlung an Empf\u00e4nger in Drittl\u00e4ndern, sofern kein Beschluss der EU-Kommission \u00fcber die Angemessenheit des Schutzniveaus nach Art. 45 Abs. 3 DSGVO vorliegt, Informationen dar\u00fcber, welche geeigneten Garantien gem. Art. 46 Abs.\u00a02 DSGVO zum Schutze der personenbezogenen Daten vorgesehen sind.<\/span><\/p>\n<\/li>\n<\/ul>\n<p align=\"JUSTIFY\"><span style=\"font-family: Arial, sans-serif;\"><b>7.2 Berichtigung und Vervollst\u00e4ndigung<\/b><\/span><\/p>\n<p align=\"JUSTIFY\"><span style=\"font-family: Arial, sans-serif;\">Sofern Sie feststellen, dass uns unrichtige personenbezogene Daten von Ihnen vorliegen, k\u00f6nnen Sie von uns die unverz\u00fcgliche Berichtigung dieser unrichtigen Daten verlangen. Bei unvollst\u00e4ndigen Sie betreffenden personenbezogenen Daten k\u00f6nnen sie die Vervollst\u00e4ndigung verlangen.<\/span><\/p>\n<p align=\"JUSTIFY\"><span style=\"font-family: Arial, sans-serif;\"><b>7.3 L\u00f6schung<\/b><\/span><\/p>\n<p align=\"JUSTIFY\"><span style=\"font-family: Arial, sans-serif;\">Sie haben ein Recht auf L\u00f6schung (\u201eRecht auf Vergessenwerden\u201c), sofern die Verarbeitung nicht zur Aus\u00fcbung des Rechts auf freie Meinungs\u00e4u\u00dferung, des Rechts auf Information oder zur Erf\u00fcllung einer rechtlichen Verpflichtung oder zur Wahrnehmung einer Aufgabe, die im \u00f6ffentlichen Interesse liegt, erforderlich ist und einer der nachstehenden Gr\u00fcnde zutrifft:<\/span><\/p>\n<ul>\n<li>\n<p align=\"JUSTIFY\"><span style=\"font-family: Arial, sans-serif;\">Die personenbezogenen Daten sind f\u00fcr die Zwecke, f\u00fcr die sie verarbeitet wurden, nicht mehr notwendig.<\/span><\/p>\n<\/li>\n<li>\n<p align=\"JUSTIFY\"><span style=\"font-family: Arial, sans-serif;\">Die Rechtfertigungsgrundlage f\u00fcr die Verarbeitung war ausschlie\u00dflich Ihre Einwilligung, welche Sie widerrufen haben.<\/span><\/p>\n<\/li>\n<li>\n<p align=\"JUSTIFY\"><span style=\"font-family: Arial, sans-serif;\">Sie haben Widerspruch gegen die Verarbeitung Ihrer personenbezogenen Daten eingelegt, die wir \u00f6ffentlich gemacht haben.<\/span><\/p>\n<\/li>\n<li>\n<p align=\"JUSTIFY\"><span style=\"font-family: Arial, sans-serif;\">Sie haben Widerspruch gegen die Verarbeitung von uns nicht \u00f6ffentlich gemachter personenbezogener Daten eingelegt und es liegen keine vorrangigen berechtigten Gr\u00fcnde f\u00fcr die Verarbeitung vor.<\/span><\/p>\n<\/li>\n<li>\n<p align=\"JUSTIFY\"><span style=\"font-family: Arial, sans-serif;\">Ihre personenbezogenen Daten wurden unrechtm\u00e4\u00dfig verarbeitet.<\/span><\/p>\n<\/li>\n<li>\n<p align=\"JUSTIFY\"><span style=\"font-family: Arial, sans-serif;\">Die L\u00f6schung der personenbezogenen Daten ist zur Erf\u00fcllung einer gesetzlichen Verpflichtung, der wir unterliegen, erforderlich.<\/span><\/p>\n<\/li>\n<\/ul>\n<p align=\"JUSTIFY\"><span style=\"font-family: Arial, sans-serif;\">Kein Anspruch auf L\u00f6schung besteht, wenn die L\u00f6schung im Falle rechtm\u00e4\u00dfiger nicht automatisierter Datenverarbeitung wegen der besonderen Art der Speicherung nicht oder nur mit unverh\u00e4ltnism\u00e4\u00dfig hohem Aufwand m\u00f6glich und Ihr Interesse an der L\u00f6schung gering ist. In diesem Fall tritt an die Stelle einer L\u00f6schung die Einschr\u00e4nkung der Verarbeitung.<\/span><\/p>\n<p align=\"JUSTIFY\"><span style=\"font-family: Arial, sans-serif;\"><b>7.4 Einschr\u00e4nkung der Verarbeitung<\/b><\/span><\/p>\n<p align=\"JUSTIFY\"><span style=\"font-family: Arial, sans-serif;\">Sie k\u00f6nnen von uns die Einschr\u00e4nkung der Verarbeitung verlangen, wenn einer der nachstehenden Gr\u00fcnde zutrifft:<\/span><\/p>\n<ul>\n<li>\n<p align=\"JUSTIFY\"><span style=\"font-family: Arial, sans-serif;\">Sie bestreiten die Richtigkeit der personenbezogenen Daten. Die Einschr\u00e4nkung kann in diesem Fall f\u00fcr die Dauer verlangt werden, die es uns erm\u00f6glicht, die Richtigkeit der Daten zu \u00fcberpr\u00fcfen.<\/span><\/p>\n<\/li>\n<li>\n<p align=\"JUSTIFY\"><span style=\"font-family: Arial, sans-serif;\">Die Verarbeitung ist unrechtm\u00e4\u00dfig und Sie verlangen statt L\u00f6schung die Einschr\u00e4nkung der Nutzung Ihrer personenbezogenen Daten.<\/span><\/p>\n<\/li>\n<li>\n<p align=\"JUSTIFY\"><span style=\"font-family: Arial, sans-serif;\">Ihre personenbezogenen Daten werden von uns nicht l\u00e4nger f\u00fcr die Zwecke der Verarbeitung ben\u00f6tigt, die Sie jedoch zur Geltendmachung, Aus\u00fcbung oder Verteidigung von Rechtsanspr\u00fcchen ben\u00f6tigen.<\/span><\/p>\n<\/li>\n<li>\n<p align=\"JUSTIFY\"><span style=\"font-family: Arial, sans-serif;\">Sie haben Widerspruch gem. Art. 21 Abs. 1 DSGVO eingelegt. Die Einschr\u00e4nkung der Verarbeitung kann solange verlangt werden, wie noch nicht feststeht, ob unsere berechtigten Gr\u00fcnde gegen\u00fcber Ihren Gr\u00fcnden \u00fcberwiegen.<\/span><\/p>\n<\/li>\n<\/ul>\n<p align=\"JUSTIFY\"><span style=\"font-family: Arial, sans-serif;\">Einschr\u00e4nkung der Verarbeitung bedeutet, dass die personenbezogenen Daten nur mit Ihrer Einwilligung oder zur Geltendmachung, Aus\u00fcbung oder Verteidigung von Rechtsan\u00adspr\u00fcchen oder zum Schutz der Rechte einer anderen nat\u00fcrlichen oder juristischen Person oder aus Gr\u00fcnden eines wichtigen \u00f6ffentlichen Interesses verarbeitet werden. Bevor wir die Einschr\u00e4nkung aufheben, haben wir die Pflicht, Sie dar\u00fcber zu unterrichten.<\/span><\/p>\n<p align=\"JUSTIFY\"><span style=\"font-family: Arial, sans-serif;\"><b>7.5 Daten\u00fcbertragbarkeit<\/b><\/span><\/p>\n<p align=\"JUSTIFY\"><span style=\"font-family: Arial, sans-serif;\">Sie haben ein Recht auf Daten\u00fcbertragbarkeit, sofern die Verarbeitung auf Ihrer Einwilligung (Art. 6 Abs. 1 Satz 1 Buchst. a) oder Art. 9 Abs. 2 Buchst. a) DSGVO) oder auf einem Vertrag beruht, dessen Vertragspartei Sie sind und die Verarbeitung mithilfe automatisierter Verfahren erfolgt. Das Recht auf Daten\u00fcbertragbarkeit beinhaltet in diesem Fall folgende Rechte, sofern hierdurch nicht die Rechte und Freiheiten anderer Personen beeintr\u00e4chtigt werden: Sie k\u00f6nnen von uns verlangen, die personenbezogenen Daten, die Sie uns bereit gestellt haben, in einem strukturierten, g\u00e4ngigen und maschinenlesbaren Format zu erhalten. Sie haben das Recht, diese Daten einem anderen Verantwortlichen ohne Behinderung unserseits zu \u00fcbermitteln. Soweit technisch machbar, k\u00f6nnen Sie von uns verlangen, dass wir Ihre personenbezogenen Daten direkt an einen anderen Verantwortlichen \u00fcbermitteln.<\/span><\/p>\n<p align=\"JUSTIFY\"><span style=\"font-family: Arial, sans-serif;\"><b>7.6 Widerspruch<\/b><\/span><\/p>\n<p align=\"JUSTIFY\"><span style=\"font-family: Arial, sans-serif;\">Sofern die Verarbeitung auf Art. 6 Abs. 1 Satz 1 Buchst. e) DSGVO (Wahrnehmung einer Aufgabe im \u00f6ffentlichen Interesse oder in Aus\u00fcbung \u00f6ffentlicher Gewalt) oder auf Art. 6 Abs.\u00a01 Satz 1 Buchst. f) DSGVO (berechtigtes Interesse des Verantwortlichen oder eines Dritten) beruht, haben Sie das Recht, aus Gr\u00fcnden, die sich aus Ihrer besonderen Situation ergeben, jederzeit gegen die Verarbeitung der Sie betreffenden personenbezogenen Daten Widerspruch einzulegen. Das gilt auch f\u00fcr ein auf Art.\u00a06 Abs.\u00a01 Satz\u00a01 Buchst.\u00a0e) oder Buchst.\u00a0f) DSGVO gest\u00fctztes Profiling. Nach Aus\u00fcbung des Widerspruchsrechts verarbeiten wir Ihre personenbezogenen Daten nicht mehr, es sei denn, wir k\u00f6nnen zwingende schutzw\u00fcrdige Gr\u00fcnde f\u00fcr die Verarbeitung nachweisen, die Ihre Interessen, Rechte und Freiheiten \u00fcberwiegen, oder die Verarbeitung dient der Geltendmachung, Aus\u00fcbung oder Verteidigung von Rechtsanspr\u00fcchen.<\/span><\/p>\n<p align=\"JUSTIFY\"><span style=\"font-family: Arial, sans-serif;\">Sie k\u00f6nnen jederzeit Widerspruch gegen die Verarbeitung der Sie betreffenden personenbezogenen Daten zu Zwecken der Direktwerbung einlegen. Das gilt auch f\u00fcr ein Profiling, das mit einer solchen Direktwerbung in Verbindung steht. Nach Aus\u00fcbung dieses Widerspruchsrechts werden wir die betreffenden personenbezogenen Daten nicht mehr f\u00fcr Zwecke der Direktwerbung verwenden.<\/span><\/p>\n<p align=\"JUSTIFY\"><span style=\"font-family: Arial, sans-serif;\">Sie haben die M\u00f6glichkeit, den Widerspruch telefonisch, per E-Mail, per Telefax oder an unsere zu Beginn dieser Datenschutzerkl\u00e4rung aufgef\u00fchrte Postadresse unserer Kanzlei formlos mitzuteilen.<\/span><\/p>\n<p align=\"JUSTIFY\"><span style=\"font-family: Arial, sans-serif;\"><b>7.7 Widerruf einer Einwilligung<\/b><\/span><\/p>\n<p align=\"JUSTIFY\"><span style=\"font-family: Arial, sans-serif;\">Sie haben das Recht, eine erteilte Einwilligung jederzeit mit Wirkung f\u00fcr die Zukunft zu widerrufen. Der Widerruf der Einwilligung kann telefonisch, per E-Mail, per Telefax oder an unsere Postadresse formlos mitgeteilt werden. Durch den Widerruf wird die Rechtm\u00e4\u00dfigkeit der Datenverarbeitung, die aufgrund der Einwilligung bis zum Eingang des Widerrufs erfolgt ist, nicht ber\u00fchrt. Nach Eingang des Widerrufs wird die Datenverarbeitung, die ausschlie\u00dflich auf Ihrer Einwilligung beruhte, eingestellt.<\/span><\/p>\n<p align=\"JUSTIFY\"><span style=\"font-family: Arial, sans-serif;\"><b>7.8 Beschwerde<\/b><\/span><\/p>\n<p align=\"JUSTIFY\"><span style=\"font-family: Arial, sans-serif;\">Wenn Sie der Ansicht sind, dass die Verarbeitung der Sie betreffenden personenbezogenen Daten rechtswidrig ist, k\u00f6nnen Sie Beschwerde bei einer Aufsichtsbeh\u00f6rde f\u00fcr den Datenschutz einlegen, die f\u00fcr den Ort Ihres Aufenthaltes oder Arbeitsplatzes oder f\u00fcr den Ort des mutma\u00dflichen Versto\u00dfes zust\u00e4ndig ist.<\/span><\/p>\n<p align=\"JUSTIFY\"><span style=\"font-family: Arial, sans-serif;\"><b>8. Stand und Aktualisierung dieser Datenschutzerkl\u00e4rung<\/b><\/span><\/p>\n<p align=\"JUSTIFY\"><span style=\"font-family: Arial, sans-serif;\">Diese Datenschutzerkl\u00e4rung hat den Stand vom 25. Mai 2018. Wir behalten uns vor, die Datenschutzerkl\u00e4rung zu gegebener Zeit zu aktualisieren, um den Datenschutz zu verbessern und\/oder an ge\u00e4nderte Beh\u00f6rdenpraxis oder Rechtsprechung anzupassen.<\/span><\/p>\n","protected":false},"excerpt":{"rendered":"<p>1. Name und Kontaktdaten des Verantwortlichen Diese Datenschutzerkl\u00e4rung informiert \u00fcber die Verarbeitung personenbezogener Daten auf der Kanzleiwebseite von: Verantwortlicher: Claudia Volland Steuerberatung, Bahnhofstra\u00dfe 6, 99084 Erfurt, anfrage(at)steuerberater-volland(Punkt)de, Tel.: 0361 6573199, Fax: 0361 2628935 2. Umfang und Zweck der Verarbeitung personenbezogener Daten 2.1 Aufruf der Webseite Beim Aufruf dieser Webseite http:\/\/www.steuerberater-volland.de werden durch den Internet-Browser, den &hellip; <a href=\"https:\/\/www.steuerberater-volland.de\/wordpress\/datenschutz\" class=\"more-link\"><span class=\"screen-reader-text\">Datenschutz<\/span> weiterlesen <span class=\"meta-nav\">&rarr;<\/span><\/a><\/p>\n","protected":false},"author":1,"featured_media":0,"parent":0,"menu_order":0,"comment_status":"closed","ping_status":"closed","template":"","meta":{"footnotes":""},"class_list":["post-826","page","type-page","status-publish","hentry"],"_links":{"self":[{"href":"https:\/\/www.steuerberater-volland.de\/wordpress\/wp-json\/wp\/v2\/pages\/826","targetHints":{"allow":["GET"]}}],"collection":[{"href":"https:\/\/www.steuerberater-volland.de\/wordpress\/wp-json\/wp\/v2\/pages"}],"about":[{"href":"https:\/\/www.steuerberater-volland.de\/wordpress\/wp-json\/wp\/v2\/types\/page"}],"author":[{"embeddable":true,"href":"https:\/\/www.steuerberater-volland.de\/wordpress\/wp-json\/wp\/v2\/users\/1"}],"replies":[{"embeddable":true,"href":"https:\/\/www.steuerberater-volland.de\/wordpress\/wp-json\/wp\/v2\/comments?post=826"}],"version-history":[{"count":3,"href":"https:\/\/www.steuerberater-volland.de\/wordpress\/wp-json\/wp\/v2\/pages\/826\/revisions"}],"predecessor-version":[{"id":840,"href":"https:\/\/www.steuerberater-volland.de\/wordpress\/wp-json\/wp\/v2\/pages\/826\/revisions\/840"}],"wp:attachment":[{"href":"https:\/\/www.steuerberater-volland.de\/wordpress\/wp-json\/wp\/v2\/media?parent=826"}],"curies":[{"name":"wp","href":"https:\/\/api.w.org\/{rel}","templated":true}]}}